{"id":263,"date":"2016-03-09T18:13:27","date_gmt":"2016-03-09T18:13:27","guid":{"rendered":"http:\/\/www.stona.com.br\/wp\/?page_id=263"},"modified":"2019-06-26T09:56:33","modified_gmt":"2019-06-26T12:56:33","slug":"webmail","status":"publish","type":"page","link":"http:\/\/www.stona.com.br\/wp\/webmail\/","title":{"rendered":"Webmail"},"content":{"rendered":"<p><span style=\"color: #008000;\"><strong>E-MAIL FAM\u00cdLIA STONA<\/strong><\/span><\/p>\n<p><strong><br \/>\n&gt;&gt; Solicite um e-mail @stona<\/strong><\/p>\n<p>Voc\u00ea da Fam\u00edlia Stona pode ter um e-mail <span style=\"color: #008000;\">@stona.com.br<\/span><\/p>\n<p>Para isso, solicite seu e-mail preenchendo o cadastro <a href=\"#formcad\">clicando aqui<\/a>.<\/p>\n<p>&nbsp;<\/p>\n<p><strong>&gt;&gt; Acesse seu e-mail @stona via webmail<\/strong><\/p>\n<p>Para acessar o webmail da Fam\u00edlia Stona, <a href=\"http:\/\/webmail.stona.com.br\/\" target=\"_blank\" rel=\"noopener\">clique aqui<\/a>.<\/p>\n<p>Voc\u00ea ser\u00e1 direcionado ao webmail dispon\u00edvel no nosso servidor. Entre com seus dados de email&nbsp;(<span style=\"color: #008000;\">seu.usuario@stona.com.br<\/span>) e senha.<\/p>\n<p>&nbsp;<\/p>\n<p><strong>&gt;&gt; Recebendo mensagens do seu e-mail @stona no Outlook<\/strong><\/p>\n<p>Se voc\u00ea quiser receber as mensagens no Outlook, <a href=\"http:\/\/under.com.br\/doc\/email-2\/configuracao-de-email\/configuracao-em-gerenciadores-de-e-mail\/como-configurar-o-e-mail-under-no-outlook-2013\" target=\"_blank\" rel=\"noopener\">acesse aqui<\/a> para saber como configurar.<\/p>\n<p>Para que as mensagens continuem dispon\u00edveis no webmail,&nbsp;\u00e9 necess\u00e1rio que seja configurado a&nbsp;op\u00e7\u00e3o <span style=\"color: #000000;\"><em>&#8220;<span style=\"color: #008000;\">deixar uma c\u00f3pia das mensagens no servidor<\/span>&#8220;<\/em><\/span> na aba <em>&#8220;<span style=\"color: #008000;\">Avan\u00e7ado<\/span>&#8220;<\/em> das <em>&#8220;<span style=\"color: #008000;\">Configura\u00e7\u00f5es de e-mail na internet<\/span>&#8220;<\/em> do seu Outlook que ir\u00e1 acessar sua conta de e-mail, conforme imagem do passo 6 das configura\u00e7\u00f5es dispon\u00edveis no link acima.<\/p>\n<p>No caso de d\u00favida, entre em contato por meio do formul\u00e1rio <a href=\"http:\/\/www.stona.com.br\/wp\/fale-conosco\/\">Fale Conosco<\/a>.<\/p>\n<p>&nbsp;<\/p>\n<p><strong><a id=\"formcad\"><\/a><br \/>\nEnvio de solicita\u00e7\u00e3o de e-mail @stona.com.br<\/strong><\/p>\n<div class=\"ufbl-form-wrapper ufbl-default-template\" style=\"width:100%;\">\r\n    <form method=\"post\" action=\"\" class=\"ufbl-front-form\">\r\n\t\t\t\t\t\t<input type=\"hidden\" name=\"form_id\" value=\"2\" class=\"form-id\"\/>\r\n\t\t\t\t\t\t\t\t<div class=\"ufbl-form-field-wrap \" >\r\n\t\t\t\t\t\t\t<label>Nome:<\/label>\r\n\t\t\t\t\t\t\t<div class=\"ufbl-form-field\">\r\n\t\t\t\t\t\t\t\t<input type=\"text\" name=\"ufbl_field_1\" class=\"ufbl-form-textfield ufbl-required\" data-max-chars=\"\" data-min-chars=\"\" data-error-message=\"Por favor, informe seu nome.\" placeholder=\"\" value=\"\"\/>\r\n\t\t\t\t\t\t\t\t<div class=\"ufbl-error\"  data-error-key=\"ufbl_field_1\"><\/div>\r\n\t\t\t\t\t\t\t<\/div>\r\n\t\t\t\t\t\t<\/div>\r\n\t\t\t\t\t\t\t\t\t\t\t\t<div class=\"ufbl-form-field-wrap email\" >\r\n\t\t\t\t\t\t\t<label>E-mail de contato:<\/label>\r\n\t\t\t\t\t\t\t<div class=\"ufbl-form-field\">\r\n\t\t\t\t\t\t\t\t<input type=\"email\" name=\"ufbl_field_4\" class=\"ufbl-email-field ufbl-required\" data-error-message=\"\" placeholder=\"\" value=\"\"\/>\r\n\t\t\t\t\t\t\t\t<div class=\"ufbl-error\"  data-error-key=\"ufbl_field_4\"><\/div>\r\n\t\t\t\t\t\t\t<\/div>\r\n\t\t\t\t\t\t<\/div>\r\n\t\t\t\t\t\t\t\t\t\t\t\t<div class=\"ufbl-form-field-wrap \" >\r\n\t\t\t\t\t\t\t<label>Telefone:<\/label>\r\n\t\t\t\t\t\t\t<div class=\"ufbl-form-field\">\r\n\t\t\t\t\t\t\t\t<input type=\"number\" name=\"ufbl_field_5\" class=\"ufbl-number-field ufbl-required\" data-error-message=\"Por favor, informe um telefone de contato.\" placeholder=\"\" value=\"\" data-max-chars=\"\" data-min-chars=\"\"\/>\r\n\t\t\t\t\t\t\t\t<div class=\"ufbl-error\" data-error-key=\"ufbl_field_5\"><\/div>\r\n\t\t\t\t\t\t\t<\/div>\r\n\t\t\t\t\t\t<\/div>\r\n\t\t\t\t\t\t\t\t\t\t\t\t<div class=\"ufbl-form-field-wrap email\" >\r\n\t\t\t\t\t\t\t<label>E-mail @stona desejado:<\/label>\r\n\t\t\t\t\t\t\t<div class=\"ufbl-form-field\">\r\n\t\t\t\t\t\t\t\t<input type=\"email\" name=\"ufbl_field_3\" class=\"ufbl-email-field ufbl-required\" data-error-message=\"\" placeholder=\"\" value=\"@stona.com.br\"\/>\r\n\t\t\t\t\t\t\t\t<div class=\"ufbl-error\"  data-error-key=\"ufbl_field_3\"><\/div>\r\n\t\t\t\t\t\t\t<\/div>\r\n\t\t\t\t\t\t<\/div>\r\n\t\t\t\t\t\t\t\t\t\t\t\t<div class=\"ufbl-form-field-wrap \" >\r\n\t\t\t\t\t\t\t<label>Valide seus dados:<\/label>\r\n\t\t\t\t\t\t\t<div class=\"ufbl-form-field\">\r\n\t\t\t\t\t\t\t\t\t\t\t\t\t\t\t\t\t<div class=\"ufbl-math-captcha-wrap\">\r\n\t\t\t\t\t\t\t\t\t\t<span class=\"ufbl-captcha-num\">0<\/span> + <span>3<\/span> = <input type=\"text\" name=\"ufbl_field_6\" class=\"ufbl-math-captcha-ans\" placeholder=\"Enter Sum\"\/>\r\n\t\t\t\t\t\t\t\t\t\t<input type=\"hidden\" name=\"ufbl_field_6_num_1\" value=\"0\"\/>\r\n\t\t\t\t\t\t\t\t\t\t<input type=\"hidden\" name=\"ufbl_field_6_num_2\" value=\"3\"\/>\r\n\t\t\t\t\t\t\t\t\t<\/div>\r\n\t\t\t\t\t\t\t\t\r\n\t\t\t\t\t\t\t\t<div class=\"ufbl-error\" data-error-key=\"ufbl_field_6\"><\/div>\r\n\t\t\t\t\t\t\t<\/div>\r\n\t\t\t\t\t\t<\/div>\r\n\t\t\t\t\t\t\t\t\t\t\t\t<div class=\"ufbl-form-field-wrap \" >\r\n\t\t\t\t\t\t\t<div class=\"ufbl-form-field\">\r\n\t\t\t\t\t\t\t\t<input type=\"submit\" class=\"ufbl-form-submit\" name=\"ufbl_field_7\" value=\"Enviar\"\/>\r\n\t\t\t\t\t\t\t\t\t\t\t\t\t\t\t\t<span class=\"ufbl-form-loader\" style=\"display:none\"><\/span>\r\n\t\t\t\t\t\t\t<\/div>\r\n\t\t\t\t\t\t<\/div>\r\n\t\t\t\t\t\t\t\t<div class=\"ufbl-form-message\" style=\"display: none;\"><\/div>\r\n\r\n\t\t\t<\/form>\r\n\r\n<\/div>\r\n\r\n\n","protected":false},"excerpt":{"rendered":"<p>E-MAIL FAM\u00cdLIA STONA &gt;&gt; Solicite um e-mail @stona Voc\u00ea da Fam\u00edlia Stona pode ter um e-mail @stona.com.br Para isso, solicite seu e-mail preenchendo o cadastro clicando aqui. &nbsp; &gt;&gt; Acesse seu e-mail @stona via webmail Para acessar o webmail da Fam\u00edlia Stona, clique aqui. Voc\u00ea ser\u00e1 direcionado ao webmail dispon\u00edvel no nosso servidor. Entre com [&hellip;]<\/p>\n","protected":false},"author":1,"featured_media":0,"parent":0,"menu_order":0,"comment_status":"closed","ping_status":"closed","template":"","meta":{"_mi_skip_tracking":false,"_exactmetrics_sitenote_active":false,"_exactmetrics_sitenote_note":"","_exactmetrics_sitenote_category":0,"ngg_post_thumbnail":0},"_links":{"self":[{"href":"http:\/\/www.stona.com.br\/wp\/wp-json\/wp\/v2\/pages\/263"}],"collection":[{"href":"http:\/\/www.stona.com.br\/wp\/wp-json\/wp\/v2\/pages"}],"about":[{"href":"http:\/\/www.stona.com.br\/wp\/wp-json\/wp\/v2\/types\/page"}],"author":[{"embeddable":true,"href":"http:\/\/www.stona.com.br\/wp\/wp-json\/wp\/v2\/users\/1"}],"replies":[{"embeddable":true,"href":"http:\/\/www.stona.com.br\/wp\/wp-json\/wp\/v2\/comments?post=263"}],"version-history":[{"count":11,"href":"http:\/\/www.stona.com.br\/wp\/wp-json\/wp\/v2\/pages\/263\/revisions"}],"predecessor-version":[{"id":982,"href":"http:\/\/www.stona.com.br\/wp\/wp-json\/wp\/v2\/pages\/263\/revisions\/982"}],"wp:attachment":[{"href":"http:\/\/www.stona.com.br\/wp\/wp-json\/wp\/v2\/media?parent=263"}],"curies":[{"name":"wp","href":"https:\/\/api.w.org\/{rel}","templated":true}]}}