{"id":24,"date":"2016-02-20T14:00:23","date_gmt":"2016-02-20T14:00:23","guid":{"rendered":"http:\/\/www.stona.com.br\/wp\/?page_id=24"},"modified":"2016-03-24T12:46:03","modified_gmt":"2016-03-24T12:46:03","slug":"imigracao-italiana-no-brasil","status":"publish","type":"page","link":"http:\/\/www.stona.com.br\/wp\/historia\/imigracao-italiana-no-brasil\/","title":{"rendered":"Imigra\u00e7\u00e3o italiana no Brasil"},"content":{"rendered":"<p><span style=\"font-size: 16px;\"><span style=\"color: #993300;\"><strong><em>&#8220;L\u2018It\u00e1lia \u00e8 ammalata e spedita dai dott\u00f4ri.&#8221;<\/em><\/strong><\/span><br \/>\nA It\u00e1lia est\u00e1 doente e desenganada pelos m\u00e9dicos.<\/span><\/p>\n<p><span style=\"font-size: 16px;\"><span style=\"color: #993300;\"><strong><em>&#8220;Per guarire I\u2018It\u00e1lia bisogna tagliarghe le testa ai sign\u00f4ri&#8221;<\/em><\/strong><\/span><br \/>\nPara curar, salvar a It\u00e1lia \u00e9 necess\u00e1rio cortar a cabe\u00e7a dos ricos.<\/span><\/p>\n<div>\n<p><span style=\"font-size: 16px;\">A emigra\u00e7\u00e3o italiana, como a alem\u00e3, foi provocada por fatores eminentemente econ\u00f4micos. Mas, embora a base das duas tenha sido semelhante &#8211; altera\u00e7\u00f5es da economia que impossibilitaram a subsist\u00eancia do pequeno propriet\u00e1rio &#8211; o processo que resultou na emigra\u00e7\u00e3o diferiu nos dois pa\u00edses.<\/span><\/p>\n<\/div>\n<div><span style=\"font-size: 16px;\">Entre as semelhan\u00e7as, entretanto, conv\u00e9m destacar duas: a primeira, comum a toda a Europa, foi o grande crescimento demogr\u00e1fico, experimentado entre 1815 e 1914, que fez com que , nesse per\u00edodo a popula\u00e7\u00e3o do velho.<\/p>\n<p><\/span><span style=\"font-size: 16px;\">Houve emigra\u00e7\u00e3o de todas as localidade da It\u00e1lia. Come\u00e7ou preponderantemente, com italianos do norte que se destinavam \u00e0 agricultura, desta regi\u00e3o surgiram tamb\u00e9m as fam\u00edlias que posteriormente vieram a fundar as ind\u00fastrias no Brasil.<\/p>\n<p><\/span><span style=\"font-size: 16px;\">Um fator preponderante que desencadeou a emigra\u00e7\u00e3o na It\u00e1lia, foram as guerras de unifica\u00e7\u00e3o da It\u00e1lia com todos os males que trouxeram a ocupa\u00e7\u00e3o \u00a0sucessiva por diversos ex\u00e9rcitos do norte da It\u00e1lia, com danos \u00e0 propriedade, desrespeito \u00e0 dignidade da fam\u00edlia, impedindo ou devastando planta\u00e7\u00f5es, aumentando a mis\u00e9ria por todo a parte.<\/p>\n<p><\/span><span style=\"font-size: 16px;\">A unifica\u00e7\u00e3o da It\u00e1lia trouxe a perda de um mercado mais poderoso, o da \u00c1ustria, que influiu na coloca\u00e7\u00e3o do produto agr\u00edcola e na m\u00e3o de obra dispon\u00edvel, complicando ainda mais, a situa\u00e7\u00e3o do povo do norte da It\u00e1lia, regi\u00e3o de onde saiu a maior parte dos imigrantes.<\/p>\n<p><\/span><span style=\"font-size: 16px;\">No Brasil, tanto o Governo Central como as Prov\u00edncias do Sul estavam empenhados em continuar recebendo imigrantes, pois os resultados, at\u00e9 ent\u00e3o obtidos, eram mais satisfat\u00f3rios e havia ainda imensas regi\u00f5es de mata que s\u00f3 seriam ocupadas por imigrantes.<\/p>\n<p><\/span><span style=\"font-size: 16px;\">No Estado de S\u00e3o Paulo, o sistema de parceria, estava em decl\u00ednio, pois at\u00e9 o momento ara feito com imigrantes alem\u00e3es. Come\u00e7ava-se ent\u00e3o o sistema de trabalho assalariado, a que os alem\u00e3es n\u00e3o se adaptaram. A m\u00e3o-de-obra tornava-se uma exig\u00eancia cada vez maior, dado o menor rendimento reconhecido do trabalho servil e de que haveria de desaparecer diante a grande campanha abolicionista. Com esta imagem montada, os agentes aliciadores de imigrantes e propagandistas da imigra\u00e7\u00e3o para o Brasil, passaram ao povo italiano.<\/p>\n<p><\/span><span style=\"font-size: 16px;\">A avalanche de propaganda sacudia a It\u00e1lia desde 1875, aliciando o povo para partirem para a Am\u00e9rica.<\/p>\n<p><\/span><span style=\"font-size: 16px;\">A emigra\u00e7\u00e3o era o assunto obrigat\u00f3rio em todos os encontros depois das missas, no mercado, na rua, nos bares e caf\u00e9s, nas visitas.<\/p>\n<p><\/span><span style=\"font-size: 16px;\">Os representantes do governo imperial brasileiro tentavam atrair colonos para a regi\u00e3o sul, havia os ardorosos propagandistas dos fazendeiros de S\u00e3o Paulo incumbidos de levar para l\u00e1 cultivadores de caf\u00e9, em substitui\u00e7\u00e3o aos escravos negros, prestes a findar com a assinatura da Lei do Ventre Livre, em 28 de setembro de 1871.<\/p>\n<p><\/span><span style=\"font-size: 16px;\">Aparecem tamb\u00e9m os comissionados pelas empresas de coloniza\u00e7\u00e3o e companhias de navega\u00e7\u00e3o para arregimentar gente para o Brasil. Por toda a parte s\u00f3 se falava nas maravilhas da nova terra. Pela boca desses corretores bastava aportar no Brasil e em pouco tempo ficar rico, &#8220;<em>diventar sior<\/em>&#8220;. Era &#8220;<em>andar in M\u00e9rica e trovar la cuccagna!<\/em>&#8220;.<\/p>\n<p><\/span><span style=\"font-size: 16px;\">H\u00e1 v\u00e1rios s\u00e9culos existiam na It\u00e1lia, os fazendeiros, tipo de senhores feudais, donos de grandes latif\u00fandios, chamados &#8220;<em>sign\u00f4ri<\/em>&#8221; , senhores nobres e ricos. Em contrastes tinham em suas fazendas os &#8220;<em>contad\u00edni<\/em>&#8221; que eram agricultores que nunca conseguiram um peda\u00e7o de terra e esta mesma triste sorte era legada aos seus filhos e descendentes. N\u00e3o havia, leis nem pre\u00e7o e nem prazo para o arrendamento. Assim, aquele que melhor trabalhasse e pagasse, mais tempo plantaria . \u00c9 f\u00e1cil entender a raiva e o \u00f3dio que existia \u00a0entre os &#8220;<em>contad\u00edni<\/em>&#8221; contra os &#8220;<em>sign\u00f4ri<\/em>&#8221; o que levava-os a cantarolar &#8220;<em>L\u2018It\u00e1lia \u00e8 ammalata e spedita dai dott\u00f4ri. Per guarire I\u2018It\u00e1lia bisogna tagliarghe le testa ai sign\u00f4ri<\/em>&#8221; continente saltasse de 180 para 450 milh\u00f5es de habitantes, o que provocou a emigra\u00e7\u00e3o para outros continentes de 40 milh\u00f5es de pessoas, sendo que 85% destes para as Am\u00e9ricas. A segunda foi o processo de unifica\u00e7\u00e3o, que em ambos os pa\u00edses foi tardia: em 1870 na It\u00e1lia, em 1871 na Alemanha.<\/span><\/div>\n","protected":false},"excerpt":{"rendered":"<p>&#8220;L\u2018It\u00e1lia \u00e8 ammalata e spedita dai dott\u00f4ri.&#8221; A It\u00e1lia est\u00e1 doente e desenganada pelos m\u00e9dicos. &#8220;Per guarire I\u2018It\u00e1lia bisogna tagliarghe le testa ai sign\u00f4ri&#8221; Para curar, salvar a It\u00e1lia \u00e9 necess\u00e1rio cortar a cabe\u00e7a dos ricos. A emigra\u00e7\u00e3o italiana, como a alem\u00e3, foi provocada por fatores eminentemente econ\u00f4micos. Mas, embora a base das duas tenha [&hellip;]<\/p>\n","protected":false},"author":1,"featured_media":211,"parent":22,"menu_order":0,"comment_status":"closed","ping_status":"closed","template":"","meta":{"_mi_skip_tracking":false,"_exactmetrics_sitenote_active":false,"_exactmetrics_sitenote_note":"","_exactmetrics_sitenote_category":0,"ngg_post_thumbnail":0},"_links":{"self":[{"href":"http:\/\/www.stona.com.br\/wp\/wp-json\/wp\/v2\/pages\/24"}],"collection":[{"href":"http:\/\/www.stona.com.br\/wp\/wp-json\/wp\/v2\/pages"}],"about":[{"href":"http:\/\/www.stona.com.br\/wp\/wp-json\/wp\/v2\/types\/page"}],"author":[{"embeddable":true,"href":"http:\/\/www.stona.com.br\/wp\/wp-json\/wp\/v2\/users\/1"}],"replies":[{"embeddable":true,"href":"http:\/\/www.stona.com.br\/wp\/wp-json\/wp\/v2\/comments?post=24"}],"version-history":[{"count":9,"href":"http:\/\/www.stona.com.br\/wp\/wp-json\/wp\/v2\/pages\/24\/revisions"}],"predecessor-version":[{"id":412,"href":"http:\/\/www.stona.com.br\/wp\/wp-json\/wp\/v2\/pages\/24\/revisions\/412"}],"up":[{"embeddable":true,"href":"http:\/\/www.stona.com.br\/wp\/wp-json\/wp\/v2\/pages\/22"}],"wp:featuredmedia":[{"embeddable":true,"href":"http:\/\/www.stona.com.br\/wp\/wp-json\/wp\/v2\/media\/211"}],"wp:attachment":[{"href":"http:\/\/www.stona.com.br\/wp\/wp-json\/wp\/v2\/media?parent=24"}],"curies":[{"name":"wp","href":"https:\/\/api.w.org\/{rel}","templated":true}]}}